{"id":18,"date":"2019-01-16T18:13:59","date_gmt":"2019-01-16T18:13:59","guid":{"rendered":"https:\/\/frontrunners.gr\/?page_id=18"},"modified":"2019-06-13T15:59:08","modified_gmt":"2019-06-13T15:59:08","slug":"rental-terms","status":"publish","type":"page","link":"https:\/\/frontrunners.gr\/?page_id=18","title":{"rendered":"Rental Terms"},"content":{"rendered":"<p style=\"text-align: left;\"><b><br \/>\nOur company offers :<\/b><\/p>\n<p style=\"text-align: left;\">\u2013 Unlimited free kilometers<span class=\"Apple-converted-space\"><br \/>\n<\/span>\u2013 All taxes included<span class=\"Apple-converted-space\"><br \/>\n<\/span>\u2013 24 hours help<span class=\"Apple-converted-space\">&nbsp;<\/span><\/p>\n<p style=\"text-align: left;\"><b>\u2013 Fully comprehensive insurance including :<\/b><span class=\"Apple-converted-space\"><br \/>\n<\/span>Collision damage waver (c.d.w.) Full cover for fire, theft, wheels, tires Personal medical insurance for both riders (in case of an accident, the medical costs of the injured riders are fully covered by the insurance)<span class=\"Apple-converted-space\">&nbsp;<\/span><\/p>\n<p style=\"text-align: left;\">\u2013 Second driver to the contract for free<span class=\"Apple-converted-space\"><br \/>\n<\/span>\u2013 New safe vehicles.<span class=\"Apple-converted-space\"><br \/>\n<\/span>\u2013 Special prices for several days rental.<span class=\"Apple-converted-space\"><br \/>\n<\/span>\u2013 Best prices.<span class=\"Apple-converted-space\"><br \/>\n<\/span>\u2013 Safety helmets for both riders.<span class=\"Apple-converted-space\"><br \/>\n<\/span>\u2013 Free road map of Corfu island.<span class=\"Apple-converted-space\"><br \/>\n<\/span><b>\u2013 Gasoline consumption is paid by the renter.<\/b><span class=\"Apple-converted-space\"><br \/>\n<\/span><b>\u2013 Minimum rental agreement is 1 (one) day<\/b><span class=\"Apple-converted-space\"><br \/>\n<\/span><b>\u2013 Drivers must be at least 21 years of age.<\/b><span class=\"Apple-converted-space\"><br \/>\n<\/span><b>\u2013 Valid national or international driving license is required, issued at least one year prior the beginning of rental.<\/b><\/p>\n<hr>\n<p style=\"text-align: left;\"><b>Unsere Firma bietet :<\/b><\/p>\n<p style=\"text-align: left;\">\u2013 Unbegrenzte Freikilometer<span class=\"Apple-converted-space\"><br \/>\n<\/span>\u2013 Alle Steuern eingeschlossen<span class=\"Apple-converted-space\"><br \/>\n<\/span>\u2013 24 Stunden Service<span class=\"Apple-converted-space\"><br \/>\n<\/span><\/p>\n<p style=\"text-align: left;\"><b>\u2013 Vollkaskoversicherung inklusive :<\/b><span class=\"Apple-converted-space\"><br \/>\n<\/span>Vollkaskoversicherung Volle Deckung f\u00fcr Feuer, Diebstahl, R\u00e4der und Reifen. Pers\u00f6nliche Krankenversicherung f\u00fcr Fahrer und Beifahrer (im Falle eines Unfalls, die medizinische Kosten der verletzten Fahrer wie Beifahrer sind voll von der Versicherung gedeckt)<span class=\"Apple-converted-space\">&nbsp;<\/span><\/p>\n<p style=\"text-align: left;\">\u2013 Zweiter Fahrer im Vertrag kostenlos<span class=\"Apple-converted-space\"><br \/>\n<\/span>\u2013 Neue sichere Motorr\u00e4der<span class=\"Apple-converted-space\"><br \/>\n<\/span>\u2013 Spezielle Preise f\u00fcr Anmietung von mehreren Tagen<span class=\"Apple-converted-space\"><br \/>\n<\/span>\u2013 Top Preisen<span class=\"Apple-converted-space\"><br \/>\n<\/span>\u2013 Schutzhelme f\u00fcr Fahrer und Beifahrer kostenlos<span class=\"Apple-converted-space\"><br \/>\n<\/span>\u2013 Kostenlose Stra\u00dfenkarte der Insel Korfu.<span class=\"Apple-converted-space\">&nbsp;<\/span><\/p>\n<p style=\"text-align: left;\"><b>\u2013 Benzinverbrauch ist zu Lasten des Mieters.<br \/>\n\u2013 Minimum Mietvertrag betr\u00e4gt 1 (ein) Tag<br \/>\n\u2013 Die Fahrer m\u00fcssen mindestens 18 Jahre alt f\u00fcr 50cc Bikes und 21 Jahre f\u00fcr \u00fcber 50cc.<br \/>\n\u2013 G\u00fcltigen nationalen oder internationalen F\u00fchrerschein erforderlich. Der F\u00fchrerschein mu\u00df mindestens 1 Jahr vor der Anmietung ausgestellt sein. Die obigen Bedingungen gelten f\u00fcr die Insel Korfu und nicht f\u00fcrs Festland.<\/b><\/p>\n<hr>\n<p style=\"text-align: left;\"><b>\u0397 \u03b5\u03c4\u03b1\u03b9\u03c1\u03b5\u03af\u03b1 \u03bc\u03b1\u03c2 \u03c0\u03c1\u03bf\u03c3\u03c6\u03ad\u03c1\u03b5\u03b9 :<\/b><\/p>\n<p style=\"text-align: left;\">\u2013 \u0395\u03bb\u03b5\u03c5\u03b8\u03b5\u03c1\u03b1 \u03c7\u03b9\u03bb\u03b9\u03cc\u03bc\u03b5\u03c4\u03c1\u03b1<span class=\"Apple-converted-space\"><br \/>\n<\/span>\u2013 \u038c\u03bb\u03bf\u03b9 \u03bf\u03b9 \u03c6\u03cc\u03c1\u03bf\u03b9 \u03c0\u03b5\u03c1\u03b9\u03bb\u03b1\u03bc\u03b2\u03ac\u03bd\u03bf\u03bd\u03c4\u03b1\u03b9 \u03c3\u03c4\u03b9\u03c2 \u03c4\u03b9\u03bc\u03ad\u03c2<span class=\"Apple-converted-space\"><br \/>\n<\/span>\u2013 24 \u03ce\u03c1\u03b5\u03c2 \u03bf\u03b4\u03b9\u03ba\u03ae \u03b2\u03bf\u03ae\u03b8\u03b5\u03b9\u03b1<span class=\"Apple-converted-space\">&nbsp;<\/span><\/p>\n<p style=\"text-align: left;\"><b>\u2013 \u03a0\u03bb\u03ae\u03c1\u03b7\u03c2 \u03b1\u03c3\u03c6\u03ac\u03bb\u03b5\u03b9\u03b1 \u03b7 \u03bf\u03c0\u03bf\u03af\u03b1 \u03c0\u03b5\u03c1\u03b9\u03bb\u03b1\u03bc\u03b2\u03ac\u03bd\u03b5\u03b9 :<br \/>\n<\/b>Collision damage waver (c.d.w.) \u03a0\u03bb\u03ae\u03c1\u03b7\u03c2 \u03ba\u03ac\u03bb\u03b7\u03c8\u03b7 \u03b3\u03b9\u03b1 \u03c6\u03c9\u03c4\u03af\u03b1, \u03ba\u03bb\u03cc\u03c0\u03b7, \u03c4\u03c1\u03bf\u03c7\u03bf\u03cd\u03c2 \u03ba\u03b1\u03b9 \u03bb\u03ac\u03c3\u03c4\u03b9\u03c7\u03b1 \u03a0\u03c1\u03bf\u03c3\u03c9\u03c0\u03b9\u03ba\u03ae \u03b1\u03c3\u03c6\u03ac\u03bb\u03b5\u03b9\u03b1 \u03b1\u03c4\u03c5\u03c7\u03ae\u03bc\u03b1\u03c4\u03bf\u03c2 \u03b3\u03b9\u03b1 \u03bf\u03b4\u03b7\u03b3\u03cc \u03ba\u03b1\u03b9 \u03b5\u03c0\u03b9\u03b2\u03ac\u03c4\u03b7 (\u03c3\u03b5 \u03c0\u03b5\u03c1\u03af\u03c0\u03c4\u03c9\u03c3\u03b7 \u03b1\u03c4\u03c5\u03c7\u03ae\u03bc\u03b1\u03c4\u03bf\u03c2, \u03c4\u03bf \u03ba\u03cc\u03c3\u03c4\u03bf\u03c2 \u03ba\u03b1\u03b9 \u03c4\u03c9\u03bd \u03b4\u03cd\u03bf \u03ba\u03b1\u03bb\u03cd\u03c0\u03c4\u03b5\u03c4\u03b1\u03b9 \u03b1\u03c0\u03cc \u03c4\u03b7\u03bd \u03b1\u03c3\u03c6\u03ac\u03bb\u03b5\u03b9\u03b1)<span class=\"Apple-converted-space\">&nbsp;<\/span><\/p>\n<p style=\"text-align: left;\">\u2013 \u0394\u03b5\u03cd\u03c4\u03b5\u03c1\u03bf\u03c2 \u03bf\u03b4\u03b7\u03b3\u03cc\u03c2 \u03c7\u03c9\u03c1\u03af\u03c2 \u03b5\u03c0\u03b9\u03c0\u03bb\u03ad\u03bf\u03bd \u03c7\u03c1\u03ad\u03c9\u03c3\u03b7<br \/>\n\u2013 \u039d\u03ad\u03b1 \u03b1\u03c3\u03c6\u03b1\u03bb\u03ae \u03bf\u03c7\u03ae\u03bc\u03b1\u03c4\u03b1<br \/>\n\u2013 \u0395\u03b9\u03b4\u03b9\u03ba\u03ad\u03c2 \u03c4\u03b9\u03bc\u03ad\u03c2 \u03b3\u03b9\u03b1 \u03bc\u03b5\u03b3\u03ac\u03bb\u03b1 \u03b4\u03b9\u03b1\u03c3\u03c4\u03ae\u03bc\u03b1\u03c4\u03b1 \u03b5\u03bd\u03bf\u03b9\u03ba\u03af\u03b1\u03c3\u03b7\u03c2<span class=\"Apple-converted-space\"><br \/>\n<\/span>\u2013 \u03a4\u03b9\u03c2 \u03ba\u03b1\u03bb\u03cd\u03c4\u03b5\u03c1\u03b5\u03c2 \u03c4\u03b9\u03bc\u03ad\u03c2<span class=\"Apple-converted-space\"><br \/>\n<\/span>\u2013 \u039a\u03c1\u03ac\u03bd\u03b7 \u03b1\u03c3\u03c6\u03b1\u03bb\u03b5\u03af\u03b1\u03c2 \u03ba\u03b1\u03b9 \u03b3\u03b9\u03b1 \u03c4\u03bf\u03c5\u03c2 \u03b4\u03cd\u03bf \u03b5\u03c0\u03b9\u03b2\u03ac\u03c4\u03b5\u03c2<span class=\"Apple-converted-space\"><br \/>\n<\/span>\u2013 \u039f\u03b4\u03b9\u03ba\u03cc\u03c2 \u03c7\u03ac\u03c1\u03c4\u03b7\u03c2 \u03c4\u03b7\u03c2 \u039a\u03ad\u03c1\u03ba\u03c5\u03c1\u03b1\u03c2 \u03c7\u03c9\u03c1\u03af\u03c2 \u03b5\u03c0\u03b9\u03c0\u03bb\u03ad\u03bf\u03bd \u03c7\u03c1\u03ad\u03c9\u03c3\u03b7<span class=\"Apple-converted-space\"><br \/>\n<\/span>\u2013 \u0397 \u03ba\u03b1\u03c4\u03b1\u03bd\u03ac\u03bb\u03c9\u03c3\u03b7 \u03b2\u03b5\u03bd\u03b6\u03af\u03bd\u03b7\u03c2 \u03b5\u03c0\u03b9\u03b2\u03b1\u03c1\u03cd\u03bd\u03b5\u03b9 \u03c4\u03bf\u03bd \u03b5\u03bd\u03bf\u03b9\u03ba\u03b9\u03b1\u03c3\u03c4\u03ae<span class=\"Apple-converted-space\"><br \/>\n<\/span><b>\u2013 \u0397 \u03b5\u03bb\u03ac\u03c7\u03b9\u03c3\u03c4\u03b7 \u03bc\u03af\u03c3\u03b8\u03c9\u03c3\u03b7 \u03b5\u03af\u03bd\u03b1\u03b9 1 (\u03bc\u03af\u03b1) \u03b7\u03bc\u03ad\u03c1\u03b1<\/b><span class=\"Apple-converted-space\"><br \/>\n<\/span><b>\u2013 \u039f\u03b9 \u03bf\u03b4\u03b7\u03b3\u03bf\u03af \u03b3\u03b9\u03b1 \u03bc\u03b7\u03c7\u03b1\u03bd\u03ad\u03c2 \u03bc\u03ad\u03c7\u03c1\u03b9 50cc \u03b8\u03b1 \u03c0\u03c1\u03ad\u03c0\u03b5\u03b9 \u03bd\u03b1 \u03b5\u03af\u03bd\u03b1\u03b9 \u03c4\u03bf\u03c5\u03bb\u03ac\u03c7\u03b9\u03c3\u03c4\u03bf\u03bd 18 \u03b5\u03c4\u03ce\u03bd \u03ba\u03b1\u03b9 \u03c4\u03bf\u03c5\u03bb\u03ac\u03c7\u03b9\u03c3\u03c4\u03bf\u03bd 21 \u03b5\u03c4\u03ce\u03bd \u03b3\u03b9\u03b1 \u03bc\u03b5\u03b3\u03b1\u03bb\u03cd\u03c4\u03b5\u03c1\u03b5\u03c2<\/b><span class=\"Apple-converted-space\"><br \/>\n<\/span><b>\u2013 \u0391\u03c0\u03b1\u03c1\u03b1\u03af\u03c4\u03b7\u03c4\u03b7 \u03b5\u03af\u03bd\u03b1\u03b9 \u03b7 \u03ba\u03b1\u03c4\u03bf\u03c7\u03ae \u03b5\u03c5\u03c1\u03c9\u03c0\u03b1\u03ca\u03ba\u03bf\u03cd \u03ae \u03b4\u03b9\u03b5\u03b8\u03bd\u03bf\u03cd\u03c2 \u03b4\u03b9\u03c0\u03bb\u03ce\u03bc\u03b1\u03c4\u03bf\u03c2 \u03c4\u03bf \u03bf\u03c0\u03bf\u03af\u03bf \u03bd\u03b1 \u03ad\u03c7\u03b5\u03b9 \u03b5\u03ba\u03b4\u03bf\u03b8\u03b5\u03af \u03c4\u03bf\u03c5\u03bb\u03ac\u03c7\u03b9\u03c3\u03c4\u03bf\u03bd \u03ad\u03bd\u03b1 \u03ad\u03c4\u03bf\u03c2 \u03c0\u03c1\u03af\u03bd \u03c4\u03b7\u03bd \u03ad\u03bd\u03b1\u03c1\u03be\u03b7 \u03c4\u03b7\u03c2 \u03b5\u03bd\u03bf\u03b9\u03ba\u03af\u03b1\u03c3\u03b7\u03c2.<\/b><\/p>\n","protected":false},"excerpt":{"rendered":"<p>Our company offers : \u2013 Unlimited free kilometers \u2013 All taxes included \u2013 24 hours help&nbsp; \u2013 Fully comprehensive insurance including : Collision damage waver (c.d.w.) Full cover for fire, theft, wheels, tires Personal medical insurance for both riders (in case of an accident, the medical costs of the injured riders are fully covered by&hellip;<\/p>\n","protected":false},"author":1,"featured_media":483,"parent":0,"menu_order":0,"comment_status":"closed","ping_status":"closed","template":"","meta":{"ngg_post_thumbnail":0,"footnotes":""},"class_list":["post-18","page","type-page","status-publish","has-post-thumbnail","hentry"],"_links":{"self":[{"href":"https:\/\/frontrunners.gr\/index.php?rest_route=\/wp\/v2\/pages\/18","targetHints":{"allow":["GET"]}}],"collection":[{"href":"https:\/\/frontrunners.gr\/index.php?rest_route=\/wp\/v2\/pages"}],"about":[{"href":"https:\/\/frontrunners.gr\/index.php?rest_route=\/wp\/v2\/types\/page"}],"author":[{"embeddable":true,"href":"https:\/\/frontrunners.gr\/index.php?rest_route=\/wp\/v2\/users\/1"}],"replies":[{"embeddable":true,"href":"https:\/\/frontrunners.gr\/index.php?rest_route=%2Fwp%2Fv2%2Fcomments&post=18"}],"version-history":[{"count":10,"href":"https:\/\/frontrunners.gr\/index.php?rest_route=\/wp\/v2\/pages\/18\/revisions"}],"predecessor-version":[{"id":570,"href":"https:\/\/frontrunners.gr\/index.php?rest_route=\/wp\/v2\/pages\/18\/revisions\/570"}],"wp:featuredmedia":[{"embeddable":true,"href":"https:\/\/frontrunners.gr\/index.php?rest_route=\/wp\/v2\/media\/483"}],"wp:attachment":[{"href":"https:\/\/frontrunners.gr\/index.php?rest_route=%2Fwp%2Fv2%2Fmedia&parent=18"}],"curies":[{"name":"wp","href":"https:\/\/api.w.org\/{rel}","templated":true}]}}